{"id":70,"date":"2024-11-29T11:32:33","date_gmt":"2024-11-29T10:32:33","guid":{"rendered":"https:\/\/grupoallstars.es\/mijas-gourmet\/?page_id=70"},"modified":"2024-12-20T10:20:21","modified_gmt":"2024-12-20T09:20:21","slug":"asi-es-el-proyecto","status":"publish","type":"page","link":"https:\/\/grupoallstars.es\/mijas-gourmet\/asi-es-el-proyecto\/","title":{"rendered":"As\u00ed es el proyecto"},"content":{"rendered":"<p>[et_pb_section fb_built=\u00bb1&#8243; admin_label=\u00bbHero\u00bb _builder_version=\u00bb4.27.4&#8243; use_background_color_gradient=\u00bbon\u00bb background_color_gradient_type=\u00bbcircular\u00bb background_color_gradient_stops=\u00bbrgba(0,0,0,0.15) 0%|rgba(0,0,0,0.64) 100%\u00bb background_color_gradient_overlays_image=\u00bbon\u00bb background_image=\u00bbhttps:\/\/grupoallstars.es\/mijas-gourmet\/wp-content\/uploads\/2024\/12\/sup2.jpg\u00bb custom_margin=\u00bb||||false\u00bb custom_padding=\u00bb6vw||6vw||true|false\u00bb global_colors_info=\u00bb{}\u00bb][et_pb_row _builder_version=\u00bb4.16&#8243; global_colors_info=\u00bb{}\u00bb][et_pb_column type=\u00bb4_4&#8243; _builder_version=\u00bb4.16&#8243; custom_padding=\u00bb|||\u00bb global_colors_info=\u00bb{}\u00bb custom_padding__hover=\u00bb|||\u00bb][et_pb_text _builder_version=\u00bb4.27.4&#8243; text_font=\u00bb||||||||\u00bb text_text_color=\u00bb#FFFFFF\u00bb header_font=\u00bbRubik|700|||||||\u00bb header_text_color=\u00bb#FFFFFF\u00bb header_font_size=\u00bb64px\u00bb header_line_height=\u00bb1.1em\u00bb background_enable_color=\u00bboff\u00bb use_background_color_gradient=\u00bbon\u00bb background_color_gradient_stops=\u00bbrgba(136,25,22,0.55) 0%|rgba(136,25,22,0.5) 100%\u00bb background_layout=\u00bbdark\u00bb max_width=\u00bb800px\u00bb custom_margin=\u00bb0px||0px||false|false\u00bb custom_padding=\u00bb10px|||16px|false|false\u00bb text_font_size_tablet=\u00bb14px\u00bb text_font_size_last_edited=\u00bboff|desktop\u00bb header_font_size_tablet=\u00bb44px\u00bb header_font_size_phone=\u00bb32px\u00bb header_font_size_last_edited=\u00bbon|phone\u00bb border_color_all=\u00bb#ffb400&#8243; global_colors_info=\u00bb{}\u00bb]<\/p>\n<h1>AS\u00cd ES EL PROYECTO<\/h1>\n<p>[\/et_pb_text][\/et_pb_column][\/et_pb_row][\/et_pb_section][et_pb_section fb_built=\u00bb1&#8243; admin_label=\u00bbBlog\u00bb _builder_version=\u00bb4.16&#8243; background_color=\u00bb#f7f7f7&#8243; global_colors_info=\u00bb{}\u00bb][et_pb_row _builder_version=\u00bb4.27.4&#8243; width=\u00bb100%\u00bb global_colors_info=\u00bb{}\u00bb][et_pb_column type=\u00bb4_4&#8243; _builder_version=\u00bb4.16&#8243; custom_padding=\u00bb|||\u00bb global_colors_info=\u00bb{}\u00bb custom_padding__hover=\u00bb|||\u00bb][et_pb_text _builder_version=\u00bb4.27.4&#8243; _module_preset=\u00bbdefault\u00bb text_font=\u00bb||||||||\u00bb text_text_color=\u00bb#000000&#8243; text_font_size=\u00bb18px\u00bb custom_margin=\u00bb||50px|0px|false|false\u00bb custom_padding=\u00bb|||29px|false|false\u00bb border_width_left=\u00bb5px\u00bb border_color_left=\u00bb#CC9F52&#8243; global_colors_info=\u00bb{}\u00bb]<\/p>\n<p><strong>Mijas Navidad Gourmet nace para impulsar el fomento, la promoci\u00f3n y el desarrollo de las peque\u00f1as y medianas empresas del municipio (incluidas las personas trabajadoras aut\u00f3nomas) con actividad en los sectores de la hosteler\u00eda, comercio y restauraci\u00f3n.<\/strong><\/p>\n<p>La propuesta ofrece en los establecimientos de hosteler\u00eda, restauraci\u00f3n y comercio del municipio las mejores propuestas gourmet y de decoraci\u00f3n navide\u00f1a para convertir a Mijas en referencia como destino gastron\u00f3mico de la Navidad 2024, donde se unen la cocina tradicional de Mijas con la cocina internacional.<\/p>\n<p>Los objetivos del proyecto son, entre otros:<br \/>&#8211; Ser referente internacional de tendencia en gastronom\u00eda gourmet.<br \/>&#8211; Fomento de tejido comercial y de hosteler\u00eda en Mijas.<br \/>&#8211; Mejorar la competitividad de las pymes de Mijas del sector hostelero, comercio y restauraci\u00f3n.<br \/>&#8211; Impulsar la colaboraci\u00f3n de profesionales y empresas de dichos sectores en Mijas.<br \/>&#8211; Impulsar el consumo de producto local en la elaboraci\u00f3n de las propuestas gastron\u00f3micas.<br \/>&#8211; Impulsar la mejora de la calidad en la prestaci\u00f3n de los servicios.<\/p>\n<p>[\/et_pb_text][et_pb_heading title=\u00bbLas cualidades de Mijas durante diciembre son: \u00bb _builder_version=\u00bb4.27.4&#8243; _module_preset=\u00bbdefault\u00bb title_level=\u00bbh3&#8243; global_colors_info=\u00bb{}\u00bb][\/et_pb_heading][et_pb_text _builder_version=\u00bb4.27.4&#8243; _module_preset=\u00bbdefault\u00bb text_font_size=\u00bb16px\u00bb global_colors_info=\u00bb{}\u00bb]<\/p>\n<ul>\n<li><span style=\"color: #cc9f52;\"><strong>Internacionalizaci\u00f3n.<\/strong><\/span> Los establecimientos hosteleros de Mijas presentan durante diciembre platos t\u00edpicos de la Navidad de multitud de lugares del mundo, dada la enorme cantidad de nacionalidades que conviven en la zona. Convirtiendo la Navidad en Mijas en un aut\u00e9ntico reclamo tur\u00edstico en toda Europa.<\/li>\n<\/ul>\n<p>[\/et_pb_text][et_pb_text _builder_version=\u00bb4.27.4&#8243; _module_preset=\u00bbdefault\u00bb text_font_size=\u00bb16px\u00bb global_colors_info=\u00bb{}\u00bb]<\/p>\n<ul>\n<li><span style=\"color: #cc9f52;\"><strong>Uni\u00f3n de productos de monta\u00f1a y mar.<\/strong><\/span> La enorme extensi\u00f3n de Mijas, desde las monta\u00f1as hasta el mar, hacen que su oferta gastron\u00f3mica tambi\u00e9n sea amplia y variada. Con productos singulares de mar y monta\u00f1a que se unen en un estilo gastron\u00f3mico personal, con el marcado sello de Mijas Gourmet.<\/li>\n<\/ul>\n<p>[\/et_pb_text][et_pb_text _builder_version=\u00bb4.27.4&#8243; _module_preset=\u00bbdefault\u00bb text_font_size=\u00bb16px\u00bb global_colors_info=\u00bb{}\u00bb]<\/p>\n<ul>\n<li><span style=\"color: #cc9f52;\"><strong>Bodega del mundo, incluidas las de Mijas, para brindar por la Navidad.<\/strong><\/span> Que se pueden disfrutar en los mejores escenarios .<\/li>\n<\/ul>\n<p>[\/et_pb_text][et_pb_text _builder_version=\u00bb4.27.4&#8243; _module_preset=\u00bbdefault\u00bb text_font_size=\u00bb16px\u00bb global_colors_info=\u00bb{}\u00bb]<\/p>\n<ul>\n<li><span style=\"color: #cc9f52;\"><strong>Pasarela de presentaci\u00f3n de los productos andaluces al mundo.<\/strong><\/span>\u00a0<\/li>\n<\/ul>\n<p>[\/et_pb_text][et_pb_text _builder_version=\u00bb4.27.4&#8243; _module_preset=\u00bbdefault\u00bb text_font_size=\u00bb16px\u00bb global_colors_info=\u00bb{}\u00bb]<\/p>\n<ul>\n<li><span style=\"color: #cc9f52;\"><strong>Estilo propio. Dise\u00f1o e imagen. <\/strong><\/span>Impulsado por la variedad de comercios de decoraci\u00f3n, estilo de vida y, por supuesto, gourmet, que comercializan productos singulares de Navidad procedentes de todo el mundo. Pero que tambi\u00e9n decoran sus establecimientos con propuestas especialmente atractivas y coquetas para convertir a Mijas en un destino que debe de visitarse en Navidad, conocido como el peque\u00f1o Londres navide\u00f1o de la Costa del Sol.<\/li>\n<\/ul>\n<p>[\/et_pb_text][et_pb_text _builder_version=\u00bb4.27.4&#8243; _module_preset=\u00bbdefault\u00bb text_font_size=\u00bb16px\u00bb global_colors_info=\u00bb{}\u00bb]<\/p>\n<ul>\n<li><span style=\"color: #cc9f52;\"><strong>Ambiente internacional familiar de Navidad,\u00a0 <\/strong><\/span>generando una corriente de felicidad colectiva fundamental para el disfrute del periodo navide\u00f1o. Pero tambi\u00e9n seguridad.<\/li>\n<\/ul>\n<p>[\/et_pb_text][et_pb_text _builder_version=\u00bb4.27.4&#8243; _module_preset=\u00bbdefault\u00bb text_font_size=\u00bb16px\u00bb global_colors_info=\u00bb{}\u00bb]<\/p>\n<ul>\n<li><span style=\"color: #cc9f52;\"><strong>Pasarela de productos de artesan\u00eda de todo el mundo,\u00a0 <\/strong><\/span>que fortalecen la propuesta global.<\/li>\n<\/ul>\n<p>[\/et_pb_text][et_pb_text _builder_version=\u00bb4.27.4&#8243; _module_preset=\u00bbdefault\u00bb text_font=\u00bb||||||||\u00bb text_font_size=\u00bb16px\u00bb hover_enabled=\u00bb0&#8243; global_colors_info=\u00bb{}\u00bb sticky_enabled=\u00bb0&#8243;]<\/p>\n<p><strong>Todo ello convierte a Mijas en la capital gourmet de Navidad. El proyecto nace como un hub de talento, de intercambio de ideas.\u00a0<\/strong><\/p>\n<p><strong>As\u00ed fue la Rueda de Prensa de presentaci\u00f3n:<br \/><a href=\"https:\/\/www.marbellaallstars.es\/la-i-edicion-de-navidad-mijas-gourmet-convierte-al-municipio-en-referente-gastronomico-en-el-final-del-ano\/\" target=\"_blank\" rel=\"noopener\">https:\/\/www.marbellaallstars.es\/la-i-edicion-de-navidad-mijas-gourmet-convierte-al-municipio-en-referente-gastronomico-en-el-final-del-ano\/<\/a><\/strong><\/p>\n<p>&nbsp;<\/p>\n<p>[\/et_pb_text][\/et_pb_column][\/et_pb_row][\/et_pb_section][et_pb_section fb_built=\u00bb1&#8243; admin_label=\u00bbTestimonials\u00bb _builder_version=\u00bb4.16&#8243; background_color=\u00bb#f7f7f7&#8243; global_colors_info=\u00bb{}\u00bb][et_pb_row column_structure=\u00bb1_2,1_2&#8243; _builder_version=\u00bb4.27.4&#8243; _module_preset=\u00bbdefault\u00bb global_colors_info=\u00bb{}\u00bb][et_pb_column type=\u00bb1_2&#8243; _builder_version=\u00bb4.27.4&#8243; _module_preset=\u00bbdefault\u00bb global_colors_info=\u00bb{}\u00bb][et_pb_image src=\u00bbhttps:\/\/grupoallstars.es\/mijas-gourmet\/wp-content\/uploads\/2024\/12\/logo_mijas2.svg\u00bb title_text=\u00bbAyuntamiento de Mijas\u00bb align=\u00bbcenter\u00bb _builder_version=\u00bb4.27.4&#8243; _module_preset=\u00bbdefault\u00bb width=\u00bb26%\u00bb width_tablet=\u00bb26%\u00bb width_phone=\u00bb26%\u00bb width_last_edited=\u00bbon|phone\u00bb max_width=\u00bb33%\u00bb global_colors_info=\u00bb{}\u00bb][\/et_pb_image][\/et_pb_column][et_pb_column type=\u00bb1_2&#8243; _builder_version=\u00bb4.27.4&#8243; _module_preset=\u00bbdefault\u00bb global_colors_info=\u00bb{}\u00bb][et_pb_image src=\u00bbhttps:\/\/grupoallstars.es\/mijas-gourmet\/wp-content\/uploads\/2024\/11\/loog_mas_color.svg\u00bb title_text=\u00bbGrupo All Stars\u00bb align=\u00bbcenter\u00bb _builder_version=\u00bb4.27.4&#8243; _module_preset=\u00bbdefault\u00bb width=\u00bb19%\u00bb width_tablet=\u00bb29%\u00bb width_phone=\u00bb28%\u00bb width_last_edited=\u00bbon|phone\u00bb custom_margin=\u00bb-11px||||false|false\u00bb global_colors_info=\u00bb{}\u00bb][\/et_pb_image][\/et_pb_column][\/et_pb_row][\/et_pb_section]<\/p>\n","protected":false},"excerpt":{"rendered":"<p>AS\u00cd ES EL PROYECTOMijas Navidad Gourmet nace para impulsar el fomento, la promoci\u00f3n y el desarrollo de las peque\u00f1as y medianas empresas del municipio (incluidas las personas trabajadoras aut\u00f3nomas) con actividad en los sectores de la hosteler\u00eda, comercio y restauraci\u00f3n. La propuesta ofrece en los establecimientos de hosteler\u00eda, restauraci\u00f3n y comercio del municipio las mejores [&hellip;]<\/p>\n","protected":false},"author":1,"featured_media":0,"parent":0,"menu_order":0,"comment_status":"closed","ping_status":"closed","template":"","meta":{"_et_pb_use_builder":"on","_et_pb_old_content":"","_et_gb_content_width":"","inline_featured_image":false,"_monsterinsights_skip_tracking":false,"_monsterinsights_sitenote_active":false,"_monsterinsights_sitenote_note":"","_monsterinsights_sitenote_category":0,"footnotes":""},"class_list":["post-70","page","type-page","status-publish","hentry"],"_links":{"self":[{"href":"https:\/\/grupoallstars.es\/mijas-gourmet\/wp-json\/wp\/v2\/pages\/70","targetHints":{"allow":["GET"]}}],"collection":[{"href":"https:\/\/grupoallstars.es\/mijas-gourmet\/wp-json\/wp\/v2\/pages"}],"about":[{"href":"https:\/\/grupoallstars.es\/mijas-gourmet\/wp-json\/wp\/v2\/types\/page"}],"author":[{"embeddable":true,"href":"https:\/\/grupoallstars.es\/mijas-gourmet\/wp-json\/wp\/v2\/users\/1"}],"replies":[{"embeddable":true,"href":"https:\/\/grupoallstars.es\/mijas-gourmet\/wp-json\/wp\/v2\/comments?post=70"}],"version-history":[{"count":12,"href":"https:\/\/grupoallstars.es\/mijas-gourmet\/wp-json\/wp\/v2\/pages\/70\/revisions"}],"predecessor-version":[{"id":253,"href":"https:\/\/grupoallstars.es\/mijas-gourmet\/wp-json\/wp\/v2\/pages\/70\/revisions\/253"}],"wp:attachment":[{"href":"https:\/\/grupoallstars.es\/mijas-gourmet\/wp-json\/wp\/v2\/media?parent=70"}],"curies":[{"name":"wp","href":"https:\/\/api.w.org\/{rel}","templated":true}]}}